{"id":11526,"date":"2020-12-16T10:32:38","date_gmt":"2020-12-16T10:32:38","guid":{"rendered":"https:\/\/ikasiformacion.com\/politica-de-cookies\/"},"modified":"2021-01-18T14:22:24","modified_gmt":"2021-01-18T14:22:24","slug":"cookie-politika","status":"publish","type":"page","link":"https:\/\/ikasiformacion.com\/eu\/cookie-politika\/","title":{"rendered":"Cookie politika"},"content":{"rendered":"<div id='av_section_1'  class='avia-section av-16xlipv-3a4bdc38a968bcac92f819167765a6f2 main_color avia-section-default avia-no-border-styling  avia-builder-el-0  el_before_av_section  avia-builder-el-first  avia-bg-style-scroll container_wrap sidebar_right'  ><div class='container av-section-cont-open' ><main  role=\"main\" itemprop=\"mainContentOfPage\"  class='template-page content  av-content-small alpha units'><div class='post-entry post-entry-type-page post-entry-11526'><div class='entry-content-wrapper clearfix'>\n\n<style type=\"text\/css\" data-created_by=\"avia_inline_auto\" id=\"style-css-av-kk2nqj62-7c47695636d8345646695716c64e20bd\">\n#top .av-special-heading.av-kk2nqj62-7c47695636d8345646695716c64e20bd{\npadding-bottom:30px;\nfont-size:70px;\n}\nbody .av-special-heading.av-kk2nqj62-7c47695636d8345646695716c64e20bd .av-special-heading-tag .heading-char{\nfont-size:25px;\n}\n#top #wrap_all .av-special-heading.av-kk2nqj62-7c47695636d8345646695716c64e20bd .av-special-heading-tag{\nfont-size:70px;\n}\n.av-special-heading.av-kk2nqj62-7c47695636d8345646695716c64e20bd .av-subheading{\nfont-size:15px;\n}\n\n@media only screen and (min-width: 480px) and (max-width: 767px){ \n#top #wrap_all .av-special-heading.av-kk2nqj62-7c47695636d8345646695716c64e20bd .av-special-heading-tag{\nfont-size:0.8em;\n}\n}\n\n@media only screen and (max-width: 479px){ \n#top #wrap_all .av-special-heading.av-kk2nqj62-7c47695636d8345646695716c64e20bd .av-special-heading-tag{\nfont-size:0.8em;\n}\n}\n<\/style>\n<div  class='av-special-heading av-kk2nqj62-7c47695636d8345646695716c64e20bd av-special-heading-h1 blockquote modern-quote  avia-builder-el-1  avia-builder-el-no-sibling  av-thin-font av-inherit-size'><h1 class='av-special-heading-tag '  itemprop=\"headline\"  >Cookie politika<strong>.<\/strong><\/h1><div class=\"special-heading-border\"><div class=\"special-heading-inner-border\"><\/div><\/div><\/div>\n<\/div><\/div><\/main><!-- close content main element --><\/div><\/div>\n<style type=\"text\/css\" data-created_by=\"avia_inline_auto\" id=\"style-css-av-lxpl37-dc7e4bf32b2a7d9f47f93cd5c4532261\">\n.avia-section.av-lxpl37-dc7e4bf32b2a7d9f47f93cd5c4532261{\nmargin-top:0px;\nmargin-bottom:50px;\n}\n<\/style>\n<div id='av_section_2'  class='avia-section av-lxpl37-dc7e4bf32b2a7d9f47f93cd5c4532261 main_color avia-section-no-padding avia-no-border-styling  avia-builder-el-2  el_after_av_section  avia-builder-el-last  avia-bg-style-scroll container_wrap sidebar_right'  ><div class='container av-section-cont-open' ><div class='template-page content  av-content-small alpha units'><div class='post-entry post-entry-type-page post-entry-11526'><div class='entry-content-wrapper clearfix'>\n<section  class='av_textblock_section av-kira3vvc-a6883f8072092f05000e2e501aa1c608 '   itemscope=\"itemscope\" itemtype=\"https:\/\/schema.org\/CreativeWork\" ><div class='avia_textblock'  itemprop=\"text\" ><h2>Uso de cookies<\/h2>\n<p>La p\u00e1gina web <a href=\"https:\/\/ikasiformacion.com\">www.ikasiformacion.com<\/a> titularidad de PREVITASA SL utiliza cookies.<\/p>\n<p>Las cookies son ficheros que se descargan en su ordenador al acceder a determinadas p\u00e1ginas web. Las cookies permiten a una p\u00e1gina web, entre otras cosas, almacenar y recuperar informaci\u00f3n sobre los h\u00e1bitos de navegaci\u00f3n de un usuario o de su equipo y, dependiendo de la informaci\u00f3n que contengan y de la forma en que utilice su equipo.<\/p>\n<p>Adem\u00e1s, mejoran su proceso de navegaci\u00f3n, ya que permiten que la p\u00e1gina<span class=\"Apple-converted-space\">\u00a0 <\/span>web ofrezca al usuario informaci\u00f3n que puede ser de su inter\u00e9s en funci\u00f3n del uso que realice, del contenido de la misma.<\/p>\n<p>En caso de no querer recibir cookies, por favor configure su navegador de Internet, para que las borre del disco duro de su ordenador, las bloquee o le avise en caso de instalaci\u00f3n de las mismas. Para continuar sin cambios en la configuraci\u00f3n de las cookies, simplemente, contin\u00fae en la p\u00e1gina web.<\/p>\n<h2>Consentimiento<\/h2>\n<p>Las cookies que utilizamos no almacenan dato personal alguno, ni ning\u00fan tipo de informaci\u00f3n que pueda identificarle, salvo que quiera registrarse, de forma voluntaria con el fin de utilizar los servicios que ponemos a su disposici\u00f3n o de recibir informaci\u00f3n sobre promociones y contenidos de su inter\u00e9s.<\/p>\n<p>Al navegar por primera vez por nuestra web aparecer\u00e1 un banner explicativo del uso de las cookies. Al continuar en nuestra web nos indica que est\u00e1 consintiendo el uso de las cookies antes enunciadas, y en las condiciones contenidas en la presente pol\u00edtica de cookies. Este consentimiento es v\u00e1lido por un periodo de 13 meses. En caso de no estar de acuerdo env\u00ede un correo electr\u00f3nico a <a>info@adekua.com<\/a>.<\/p>\n<h2>Tipos y finalidad de las cookies<\/h2>\n<p>Las Cookies, en funci\u00f3n de su permanencia, pueden clasificarse en:<\/p>\n<ul>\n<li><strong>Cookies de sesi\u00f3n:<\/strong> expiran cuando el usuario cierra el navegador.<\/li>\n<li><strong>Cookies persistentes:<\/strong> expiran en funci\u00f3n cuando se cumpla el objetivo para el que sirven (por ejemplo, para que el usuario se mantenga identificado en la p\u00e1gina web y en los servicios de la misma o bien cuando se borran manualmente).<\/li>\n<\/ul>\n<p>Las cookies en funci\u00f3n de su objetivo pueden clasificarse de la siguiente forma:<\/p>\n<ul>\n<li><strong>Cookies de rendimiento<\/strong> (t\u00e9cnicas y de personalizaci\u00f3n): Este tipo de cookie recuerda sus preferencias para las herramientas que se encuentran en los servicios, por lo que no tiene que volver a configurar el servicio cada vez que usted visita. A modo de ejemplo, en esta tipolog\u00eda se incluyen: ajustes de volumen de reproductores de v\u00eddeo o sonido y las velocidades de transmisi\u00f3n de v\u00eddeo que sean compatibles con su navegador.<\/li>\n<li><strong>Cookies de geo-localizaci\u00f3n:<\/strong> Estas Cookies son utilizadas para averiguar en qu\u00e9 pa\u00eds se encuentra cuando se solicita un servicio. Esta Cookie es totalmente an\u00f3nima, y s\u00f3lo se utiliza para ayudar a orientar el contenido a su ubicaci\u00f3n.<\/li>\n<li><strong>Cookies de registro<\/strong> (t\u00e9cnicas y de personalizaci\u00f3n): Las Cookies de registro se generan una vez que el usuario se ha registrado o posteriormente ha abierto su sesi\u00f3n, y se utilizan para identificarle en los servicios con los siguientes objetivos:\n<ul>\n<li>Mantener al Usuario identificado de forma que, si cierra un servicio, el navegador o el ordenador y en otro momento y otro d\u00eda vuelve a entrar en dicho servicio, seguir\u00e1 identificado, facilitando as\u00ed su navegaci\u00f3n sin tener que volver a identificarse. Esta funcionalidad se puede suprimir si el usuario pulsa la funcionalidad \u201ccerrar sesi\u00f3n\u201d, de forma que esta Cookie se elimina y la pr\u00f3xima vez que entre en el servicio el usuario tendr\u00e1 que iniciar sesi\u00f3n para estar identificado.<\/li>\n<li>Comprobar si el usuario est\u00e1 autorizado para acceder a ciertos servicios, por ejemplo, para participar en un concurso.<\/li>\n<\/ul>\n<\/li>\n<li><strong>Cookies de anal\u00edticas:<\/strong> Cada vez que un Usuario visita un servicio o informaci\u00f3n de la p\u00e1gina web o una herramienta de un proveedor externo (Google Analytics, Comscore y similares que podr\u00e1n a\u00f1adirse a este listado en caso de que var\u00eden en relaci\u00f3n con los actuales) genera una cookie anal\u00edtica en el ordenador del usuario. Esta cookie que s\u00f3lo se genera en la visita, servir\u00e1 en pr\u00f3ximas visitas a los servicios de la p\u00e1gina web para identificar de forma an\u00f3nima al visitante. Los objetivos principales que se persiguen son:\n<ul>\n<li>Permitir la identificaci\u00f3n an\u00f3nima de los usuarios navegantes a trav\u00e9s de la cookie (identifica navegadores y dispositivos, no personas) y por lo tanto la contabilizaci\u00f3n aproximada del n\u00famero de visitantes y su tendencia en el tiempo.<\/li>\n<li>Identificar de forma an\u00f3nima los contenidos m\u00e1s visitados y por lo tanto m\u00e1s atractivos para los usuarios.<\/li>\n<li>Saber si el usuario que est\u00e1 accediendo es nuevo o repite visita. Importante: salvo que el usuario decida registrarse en alg\u00fan servicio o contenido de la p\u00e1gina web, la cookie nunca ir\u00e1 asociada a ning\u00fan dato de car\u00e1cter personal que pueda identificarle. Dichas Cookies s\u00f3lo ser\u00e1n utilizadas con prop\u00f3sitos estad\u00edsticos que ayuden a la optimizaci\u00f3n de la experiencia de los usuarios en la p\u00e1gina web.<\/li>\n<\/ul>\n<\/li>\n<li><strong>Cookies publicitarias propias:<\/strong> sirven para gestionar el titular de la p\u00e1gina web si un Usuario ha visitado o no la publicidad que ha incluido. Tambi\u00e9n permiten la gesti\u00f3n de espacios publicitarios en la p\u00e1gina almacenando datos del comportamiento del Usuario en la navegaci\u00f3n para poder ofrecerle anuncios publicitarios.<\/li>\n<li><strong>Cookies publicitarias de terceros:<\/strong> Adem\u00e1s de la publicidad gestionada por la p\u00e1gina web en sus contenidos o servicios, podr\u00e1 ofrecer a sus anunciantes la opci\u00f3n de servir anuncios a trav\u00e9s de terceros (\u201cAdServers\u201d). De este modo, estos terceros pueden almacenar cookies enviadas desde los contenidos de la p\u00e1gina web procedentes de los navegadores de los Usuarios, as\u00ed como acceder a los datos que en ellas se guardan. Las empresas que generan estas Cookies tienen sus propias pol\u00edticas de privacidad.<\/li>\n<\/ul>\n<h2>C\u00f3mo bloquear o eliminar las cookies instaladas<\/h2>\n<p>Puede usted permitir, bloquear o eliminar las cookies instaladas en su equipo mediante la configuraci\u00f3n de las opciones de su navegador. Puede encontrar informaci\u00f3n sobre c\u00f3mo hacerlo, en relaci\u00f3n con los navegadores m\u00e1s comunes, en los links que se incluyen a continuaci\u00f3n:<\/p>\n<p><a href=\"https:\/\/support.microsoft.com\/es-es\/kb\/278835\" target=\"_blank\" rel=\"noopener\">Explorer<\/a><\/p>\n<p><a href=\"http:\/\/support.google.com\/chrome\/bin\/answer.py?hl=es&#038;answer=95647\" target=\"_blank\" rel=\"noopener\">Chrome<\/a><\/p>\n<p><a href=\"https:\/\/support.mozilla.org\/es\/kb\/Borrar%20cookies\" target=\"_blank\" rel=\"noopener\">Firefox<\/a><\/p>\n<p><a href=\"http:\/\/support.apple.com\/kb\/ph5042\" target=\"_blank\" rel=\"noopener\">Safari<\/a><\/p>\n<p>Le informamos, no obstante, de la posibilidad de que la desactivaci\u00f3n de alguna cookie impida o dificulte la navegaci\u00f3n o la prestaci\u00f3n de los servicios ofrecidos en la p\u00e1gina web.<\/p>\n<h2>Modificaciones<\/h2>\n<p>La p\u00e1gina web <a href=\"https:\/\/ikasiformacion.com\">www.ikasiformacion.com<\/a> titularidad de PREVITASA SL puede modificar esta pol\u00edtica de cookies en funci\u00f3n de exigencias legales, o con la finalidad de adaptar dicha pol\u00edtica alas instrucciones dictadas por la Agencia Espa\u00f1ola de Protecci\u00f3n de Datos.<\/p>\n<p>Por esta raz\u00f3n, aconsejamos a los usuarios que la visiten peri\u00f3dicamente. Cuando se produzcan cambios significativos en esta pol\u00edtica de cookies, se comunicar\u00e1n a los usuarios bien mediante la web o a trav\u00e9s de correo electr\u00f3nico a los usuarios registrados.<\/p>\n<\/div><\/section>\n<\/div><\/div><\/div><!-- close content main div --><\/div><\/div><div id='after_section_2'  class='main_color av_default_container_wrap container_wrap sidebar_right'  ><div class='container av-section-cont-open' ><div class='template-page content  av-content-small alpha units'><div class='post-entry post-entry-type-page post-entry-11526'><div class='entry-content-wrapper clearfix'><\/p>\n","protected":false},"excerpt":{"rendered":"","protected":false},"author":2,"featured_media":0,"parent":0,"menu_order":0,"comment_status":"closed","ping_status":"closed","template":"","meta":{"_price":"","_stock":"","_tribe_ticket_header":"","_tribe_default_ticket_provider":"","_tribe_ticket_capacity":"0","_ticket_start_date":"","_ticket_end_date":"","_tribe_ticket_show_description":"","_tribe_ticket_show_not_going":false,"_tribe_ticket_use_global_stock":"","_tribe_ticket_global_stock_level":"","_global_stock_mode":"","_global_stock_cap":"","_tribe_rsvp_for_event":"","_tribe_ticket_going_count":"","_tribe_ticket_not_going_count":"","_tribe_tickets_list":"[]","_tribe_ticket_has_attendee_info_fields":false,"footnotes":""},"class_list":["post-11526","page","type-page","status-publish","hentry"],"yoast_head":"<!-- This site is optimized with the Yoast SEO plugin v27.3 - https:\/\/yoast.com\/product\/yoast-seo-wordpress\/ -->\n<title>Cookie politika - Ikasi Formacion PRL<\/title>\n<meta name=\"robots\" content=\"index, follow, max-snippet:-1, max-image-preview:large, max-video-preview:-1\" \/>\n<link rel=\"canonical\" href=\"https:\/\/ikasiformacion.com\/eu\/cookie-politika\/\" \/>\n<meta property=\"og:locale\" content=\"eu_ES\" \/>\n<meta property=\"og:type\" content=\"article\" \/>\n<meta property=\"og:title\" content=\"Cookie politika - Ikasi Formacion PRL\" \/>\n<meta property=\"og:url\" content=\"https:\/\/ikasiformacion.com\/eu\/cookie-politika\/\" \/>\n<meta property=\"og:site_name\" content=\"Ikasi Formacion PRL\" \/>\n<meta property=\"article:modified_time\" content=\"2021-01-18T14:22:24+00:00\" \/>\n<meta name=\"twitter:card\" content=\"summary_large_image\" \/>\n<meta name=\"twitter:label1\" content=\"Est. reading time\" \/>\n\t<meta name=\"twitter:data1\" content=\"6 minutes\" \/>\n<script type=\"application\/ld+json\" class=\"yoast-schema-graph\">{\"@context\":\"https:\\\/\\\/schema.org\",\"@graph\":[{\"@type\":\"WebPage\",\"@id\":\"https:\\\/\\\/ikasiformacion.com\\\/eu\\\/cookie-politika\\\/\",\"url\":\"https:\\\/\\\/ikasiformacion.com\\\/eu\\\/cookie-politika\\\/\",\"name\":\"Cookie politika - Ikasi Formacion PRL\",\"isPartOf\":{\"@id\":\"https:\\\/\\\/ikasiformacion.com\\\/#website\"},\"datePublished\":\"2020-12-16T10:32:38+00:00\",\"dateModified\":\"2021-01-18T14:22:24+00:00\",\"breadcrumb\":{\"@id\":\"https:\\\/\\\/ikasiformacion.com\\\/eu\\\/cookie-politika\\\/#breadcrumb\"},\"inLanguage\":\"eu-ES\",\"potentialAction\":[{\"@type\":\"ReadAction\",\"target\":[\"https:\\\/\\\/ikasiformacion.com\\\/eu\\\/cookie-politika\\\/\"]}]},{\"@type\":\"BreadcrumbList\",\"@id\":\"https:\\\/\\\/ikasiformacion.com\\\/eu\\\/cookie-politika\\\/#breadcrumb\",\"itemListElement\":[{\"@type\":\"ListItem\",\"position\":1,\"name\":\"Portada\",\"item\":\"https:\\\/\\\/ikasiformacion.com\\\/eu\\\/\"},{\"@type\":\"ListItem\",\"position\":2,\"name\":\"Cookie politika\"}]},{\"@type\":\"WebSite\",\"@id\":\"https:\\\/\\\/ikasiformacion.com\\\/#website\",\"url\":\"https:\\\/\\\/ikasiformacion.com\\\/\",\"name\":\"Ikasi Formacion PRL\",\"description\":\"Cursos prevencion de riesgos\",\"publisher\":{\"@id\":\"https:\\\/\\\/ikasiformacion.com\\\/#organization\"},\"potentialAction\":[{\"@type\":\"SearchAction\",\"target\":{\"@type\":\"EntryPoint\",\"urlTemplate\":\"https:\\\/\\\/ikasiformacion.com\\\/?s={search_term_string}\"},\"query-input\":{\"@type\":\"PropertyValueSpecification\",\"valueRequired\":true,\"valueName\":\"search_term_string\"}}],\"inLanguage\":\"eu-ES\"},{\"@type\":\"Organization\",\"@id\":\"https:\\\/\\\/ikasiformacion.com\\\/#organization\",\"name\":\"Ikasi Formaci\u00f3n PRL\",\"url\":\"https:\\\/\\\/ikasiformacion.com\\\/\",\"logo\":{\"@type\":\"ImageObject\",\"inLanguage\":\"eu-ES\",\"@id\":\"https:\\\/\\\/ikasiformacion.com\\\/#\\\/schema\\\/logo\\\/image\\\/\",\"url\":\"https:\\\/\\\/ikasiformacion.com\\\/wp-content\\\/uploads\\\/2020\\\/12\\\/ikasi-formacion-logo.png\",\"contentUrl\":\"https:\\\/\\\/ikasiformacion.com\\\/wp-content\\\/uploads\\\/2020\\\/12\\\/ikasi-formacion-logo.png\",\"width\":127,\"height\":70,\"caption\":\"Ikasi Formaci\u00f3n PRL\"},\"image\":{\"@id\":\"https:\\\/\\\/ikasiformacion.com\\\/#\\\/schema\\\/logo\\\/image\\\/\"}}]}<\/script>\n<!-- \/ Yoast SEO plugin. -->","yoast_head_json":{"title":"Cookie politika - Ikasi Formacion PRL","robots":{"index":"index","follow":"follow","max-snippet":"max-snippet:-1","max-image-preview":"max-image-preview:large","max-video-preview":"max-video-preview:-1"},"canonical":"https:\/\/ikasiformacion.com\/eu\/cookie-politika\/","og_locale":"eu_ES","og_type":"article","og_title":"Cookie politika - Ikasi Formacion PRL","og_url":"https:\/\/ikasiformacion.com\/eu\/cookie-politika\/","og_site_name":"Ikasi Formacion PRL","article_modified_time":"2021-01-18T14:22:24+00:00","twitter_card":"summary_large_image","twitter_misc":{"Est. reading time":"6 minutes"},"schema":{"@context":"https:\/\/schema.org","@graph":[{"@type":"WebPage","@id":"https:\/\/ikasiformacion.com\/eu\/cookie-politika\/","url":"https:\/\/ikasiformacion.com\/eu\/cookie-politika\/","name":"Cookie politika - Ikasi Formacion PRL","isPartOf":{"@id":"https:\/\/ikasiformacion.com\/#website"},"datePublished":"2020-12-16T10:32:38+00:00","dateModified":"2021-01-18T14:22:24+00:00","breadcrumb":{"@id":"https:\/\/ikasiformacion.com\/eu\/cookie-politika\/#breadcrumb"},"inLanguage":"eu-ES","potentialAction":[{"@type":"ReadAction","target":["https:\/\/ikasiformacion.com\/eu\/cookie-politika\/"]}]},{"@type":"BreadcrumbList","@id":"https:\/\/ikasiformacion.com\/eu\/cookie-politika\/#breadcrumb","itemListElement":[{"@type":"ListItem","position":1,"name":"Portada","item":"https:\/\/ikasiformacion.com\/eu\/"},{"@type":"ListItem","position":2,"name":"Cookie politika"}]},{"@type":"WebSite","@id":"https:\/\/ikasiformacion.com\/#website","url":"https:\/\/ikasiformacion.com\/","name":"Ikasi Formacion PRL","description":"Cursos prevencion de riesgos","publisher":{"@id":"https:\/\/ikasiformacion.com\/#organization"},"potentialAction":[{"@type":"SearchAction","target":{"@type":"EntryPoint","urlTemplate":"https:\/\/ikasiformacion.com\/?s={search_term_string}"},"query-input":{"@type":"PropertyValueSpecification","valueRequired":true,"valueName":"search_term_string"}}],"inLanguage":"eu-ES"},{"@type":"Organization","@id":"https:\/\/ikasiformacion.com\/#organization","name":"Ikasi Formaci\u00f3n PRL","url":"https:\/\/ikasiformacion.com\/","logo":{"@type":"ImageObject","inLanguage":"eu-ES","@id":"https:\/\/ikasiformacion.com\/#\/schema\/logo\/image\/","url":"https:\/\/ikasiformacion.com\/wp-content\/uploads\/2020\/12\/ikasi-formacion-logo.png","contentUrl":"https:\/\/ikasiformacion.com\/wp-content\/uploads\/2020\/12\/ikasi-formacion-logo.png","width":127,"height":70,"caption":"Ikasi Formaci\u00f3n PRL"},"image":{"@id":"https:\/\/ikasiformacion.com\/#\/schema\/logo\/image\/"}}]}},"_links":{"self":[{"href":"https:\/\/ikasiformacion.com\/eu\/wp-json\/wp\/v2\/pages\/11526","targetHints":{"allow":["GET"]}}],"collection":[{"href":"https:\/\/ikasiformacion.com\/eu\/wp-json\/wp\/v2\/pages"}],"about":[{"href":"https:\/\/ikasiformacion.com\/eu\/wp-json\/wp\/v2\/types\/page"}],"author":[{"embeddable":true,"href":"https:\/\/ikasiformacion.com\/eu\/wp-json\/wp\/v2\/users\/2"}],"replies":[{"embeddable":true,"href":"https:\/\/ikasiformacion.com\/eu\/wp-json\/wp\/v2\/comments?post=11526"}],"version-history":[{"count":2,"href":"https:\/\/ikasiformacion.com\/eu\/wp-json\/wp\/v2\/pages\/11526\/revisions"}],"predecessor-version":[{"id":11532,"href":"https:\/\/ikasiformacion.com\/eu\/wp-json\/wp\/v2\/pages\/11526\/revisions\/11532"}],"wp:attachment":[{"href":"https:\/\/ikasiformacion.com\/eu\/wp-json\/wp\/v2\/media?parent=11526"}],"curies":[{"name":"wp","href":"https:\/\/api.w.org\/{rel}","templated":true}]}}