{"id":11529,"date":"2020-12-16T10:36:44","date_gmt":"2020-12-16T10:36:44","guid":{"rendered":"https:\/\/ikasiformacion.com\/politica-de-privacidad\/"},"modified":"2021-01-18T14:23:15","modified_gmt":"2021-01-18T14:23:15","slug":"pribatutasun-politika","status":"publish","type":"page","link":"https:\/\/ikasiformacion.com\/eu\/pribatutasun-politika\/","title":{"rendered":"Pribatutasun politika"},"content":{"rendered":"<div id='av_section_1'  class='avia-section av-198tx3b-9ebbfd2be2fe182ea1a2caf26a8aa18d main_color avia-section-default avia-no-border-styling  avia-builder-el-0  el_before_av_section  avia-builder-el-first  avia-bg-style-scroll container_wrap sidebar_right'  ><div class='container av-section-cont-open' ><main  role=\"main\" itemprop=\"mainContentOfPage\"  class='template-page content  av-content-small alpha units'><div class='post-entry post-entry-type-page post-entry-11529'><div class='entry-content-wrapper clearfix'>\n\n<style type=\"text\/css\" data-created_by=\"avia_inline_auto\" id=\"style-css-av-kk2nrs7q-d0a35d79143d40c83923db4cef54b069\">\n#top .av-special-heading.av-kk2nrs7q-d0a35d79143d40c83923db4cef54b069{\npadding-bottom:20px;\nfont-size:70px;\n}\nbody .av-special-heading.av-kk2nrs7q-d0a35d79143d40c83923db4cef54b069 .av-special-heading-tag .heading-char{\nfont-size:25px;\n}\n#top #wrap_all .av-special-heading.av-kk2nrs7q-d0a35d79143d40c83923db4cef54b069 .av-special-heading-tag{\nfont-size:70px;\n}\n.av-special-heading.av-kk2nrs7q-d0a35d79143d40c83923db4cef54b069 .av-subheading{\nfont-size:15px;\n}\n\n@media only screen and (min-width: 480px) and (max-width: 767px){ \n#top #wrap_all .av-special-heading.av-kk2nrs7q-d0a35d79143d40c83923db4cef54b069 .av-special-heading-tag{\nfont-size:0.8em;\n}\n}\n\n@media only screen and (max-width: 479px){ \n#top #wrap_all .av-special-heading.av-kk2nrs7q-d0a35d79143d40c83923db4cef54b069 .av-special-heading-tag{\nfont-size:0.8em;\n}\n}\n<\/style>\n<div  class='av-special-heading av-kk2nrs7q-d0a35d79143d40c83923db4cef54b069 av-special-heading-h1 blockquote modern-quote  avia-builder-el-1  avia-builder-el-no-sibling  av-thin-font av-inherit-size'><h1 class='av-special-heading-tag '  itemprop=\"headline\"  >Pribatutasun politika<strong>.<\/strong><\/h1><div class=\"special-heading-border\"><div class=\"special-heading-inner-border\"><\/div><\/div><\/div>\n<\/div><\/div><\/main><!-- close content main element --><\/div><\/div>\n<style type=\"text\/css\" data-created_by=\"avia_inline_auto\" id=\"style-css-av-qh0sbr-dc725d4a863c700561cc16820b46f9a1\">\n.avia-section.av-qh0sbr-dc725d4a863c700561cc16820b46f9a1{\nmargin-top:0px;\nmargin-bottom:50px;\n}\n<\/style>\n<div id='av_section_2'  class='avia-section av-qh0sbr-dc725d4a863c700561cc16820b46f9a1 main_color avia-section-no-padding avia-no-border-styling  avia-builder-el-2  el_after_av_section  avia-builder-el-last  avia-bg-style-scroll container_wrap sidebar_right'  ><div class='container av-section-cont-open' ><div class='template-page content  av-content-small alpha units'><div class='post-entry post-entry-type-page post-entry-11529'><div class='entry-content-wrapper clearfix'>\n<section  class='av_textblock_section av-kiraanvf-86e4786daaeaec1788940295e33909eb '   itemscope=\"itemscope\" itemtype=\"https:\/\/schema.org\/CreativeWork\" ><div class='avia_textblock'  itemprop=\"text\" ><p><a href=\"https:\/\/ikasiformacion.com\">www.ikasiformacion.com<\/a> para proteger los derechos individuales, sobre todo en relaci\u00f3n con los tratamientos automatizados y con voluntad de ser transparentes con el Usuario, ha establecido una pol\u00edtica que recoge el conjunto de dichos tratamientos, los fines perseguidos por estos \u00faltimos, la legitimidad de los mismos y tambi\u00e9n los instrumentos a disposici\u00f3n del Usuario para que pueda ejercer sus derechos.<\/p>\n<p>La navegaci\u00f3n en este sitio web implica la total aceptaci\u00f3n de las siguientes disposiciones y condiciones de utilizaci\u00f3n. Se aceptar\u00e1 la utilizaci\u00f3n de cookies. En caso de no estar de acuerdo env\u00eda un correo electr\u00f3nico a <a href=\"mailto:borja@ikasiformacion.com\">borja@ikasiformacion.com<\/a>.<\/p>\n<p>La versi\u00f3n actualizada de esta pol\u00edtica de privacidad es la \u00fanica aplicable durante la duraci\u00f3n del uso del sitio web hasta que no haya otra versi\u00f3n que la sustituya.<\/p>\n<p>Para m\u00e1s informaci\u00f3n complementaria sobre la protecci\u00f3n de datos personales te invitamos a consultar la <a href=\"https:\/\/www.agpd.es\/portalwebAGPD\/index-ides-idphph.php\" target=\"_blank\" rel=\"noopener\">p\u00e1gina web de la AEPD<\/a> (Agencia Espa\u00f1ola de Protecci\u00f3n de Datos)<\/p>\n<h2>RECOGIDA DE DATOS<\/h2>\n<p>Tus datos son recogidos por el TITULAR.<\/p>\n<p>Un dato de car\u00e1cter personal se refiere a toda la informaci\u00f3n referida a una persona f\u00edsica identificada o identificable (persona afectada). Se entiende como identificable una persona que pueda ser identificada, directa o indirectamente, sobre todo por referencia a un nombre, un n\u00famero de identificaci\u00f3n (DNI, NIF, NIE, pasaporte) o a uno o varios elementos espec\u00edficos, propios a su identidad f\u00edsica, fisiol\u00f3gica, gen\u00e9tica, ps\u00edquica, econ\u00f3mica, cultural o social.<\/p>\n<p>Los datos que con car\u00e1cter general ser\u00e1n recopilados son: Nombre y apellido, direcci\u00f3n, correo electr\u00f3nico, n\u00famero de tel\u00e9fono, fecha de nacimiento, datos relacionados con medios de pago. Se podr\u00e1n recopilar otro tipo de datos siendo informado el Usuario.<\/p>\n<h2>\u00bfCON QU\u00c9 FINALIDAD SE TRATAN TUS DATOS PERSONALES?<\/h2>\n<p>La finalidad del tratamiento de los datos personales que se puedan recoger son usarlos principalmente por el TITULAR para la gesti\u00f3n de su relaci\u00f3n contigo, poder ofrecerte productos y servicios de acuerdo con tus intereses, mejorar tu experiencia de usuario y en su caso, para el tratamiento de sus solicitudes, peticiones o pedidos. Se elaborar\u00e1 un perfil comercial en base a la informaci\u00f3n que facilites. No se realizar\u00e1n decisiones automatizadas en base a dicho perfil.<\/p>\n<p>Los datos proporcionados se conservar\u00e1n mientras se mantenga la relaci\u00f3n comercial, siempre que no se solicite por el interesado su supresi\u00f3n. o durante los a\u00f1os necesarios para cumplir las obligaciones legales.<\/p>\n<p>Se registrar\u00e1n en el fichero de cliente y su tratamiento quedar\u00e1 registrado en el registro de tratamientos que debe llevar el TITULAR.<\/p>\n<h2>\u00bfCU\u00c1L ES LA LEGITIMACI\u00d3N PARA EL TRATAMIENTO DE TUS DATOS?<\/h2>\n<p>La base legal para el tratamiento de tus datos personales es:<\/p>\n<p>&#8211; La correcta ejecuci\u00f3n o cumplimiento del contrato.<\/p>\n<p>&#8211; El inter\u00e9s leg\u00edtimo del TITULAR.<\/p>\n<p>&#8211; El consentimiento del usuario o cliente para el tratamiento de sus datos.<\/p>\n<h2>\u00bfA QU\u00c9 DESTINATARIOS SE COMUNICAR\u00c1N LOS DATOS?<\/h2>\n<p>Los datos personales del Usuario podr\u00e1n eventualmente ser comunicados a terceros relacionados con el TITULAR por contrato para la realizaci\u00f3n de las tareas necesarias para la gesti\u00f3n de su cuenta como cliente y sin que tenga que dar su autorizaci\u00f3n.<\/p>\n<p>Tambi\u00e9n cuando tuvieran que hacerse comunicaciones a las autoridades en caso de que el Usuario hubiera realizado acciones contrarias a la Ley o incumplido el contenido del aviso legal.<\/p>\n<p>Los datos del Usuario podr\u00e1n comunicarse a otras empresas del grupo, si las hubiese, para fines administrativos internos que podr\u00edan suponer un tratamiento de esos datos.<\/p>\n<p>Los datos personales del Usuario podr\u00e1n transferirse a un tercer pa\u00eds o a una organizaci\u00f3n internacional, pero se le deber\u00e1 informar cuando se vaya a producir esa transferencia, y de las condiciones de la misma y del destinatario.<\/p>\n<p>Cuando algunos datos sean obligatorios para acceder a funcionalidad concretas del sitio web, el TITULAR indicar\u00e1 dicho car\u00e1cter obligatorio en el momento de la recogida de datos del Usuario.<\/p>\n<h2>COOKIES<\/h2>\n<p>Al navegar por este sitio, las cookies del TITULAR del sitio en cuesti\u00f3n y\/o de las compa\u00f1\u00edas de terceros, pueden depositarse en su ordenador, tablet o tel\u00e9fono m\u00f3vil Durante la primera navegaci\u00f3n, aparecer\u00e1 un banner explicativo sobre el uso de cookies.<\/p>\n<p>Por lo tanto, al continuar la navegaci\u00f3n, el Usuario ser\u00e1 considerado como informado y har\u00e1 aceptado el uso de dichas \u201ccookies\u201d. El consentimiento otorgado ser\u00e1 v\u00e1lido por un periodo de trece meses.<\/p>\n<p>Para una mayor informaci\u00f3n consulte nuestra <a href=\"https:\/\/ikasiformacion.com\/politica-de-cookies\/\">pol\u00edtica de cookies<\/a>.<\/p>\n<h2>DERECHOS DEL USUARIO<\/h2>\n<p>Se informa al usuario de la posibilidad de ejercer sus derechos de acceso, rectificaci\u00f3n, cancelaci\u00f3n y oposici\u00f3n. Tambi\u00e9n cada persona dispone del derecho de limitaci\u00f3n del tratamiento relativo a su persona, de un derecho de eliminaci\u00f3n de transferencia de datos personales transmitidos al responsable del tratamiento y del derecho a la portabilidad de sus datos.<\/p>\n<p>El usuario tiene la posibilidad de presentar una reclamaci\u00f3n ante la AEPD (Agencia Espa\u00f1ola de Protecci\u00f3n de Datos) u organismo competente de la respectiva Comunidad Aut\u00f3noma, cuando no haya obtenido una soluci\u00f3n satisfactoria en el ejercicio de sus derechos mediante un escrito dirigido a la misma.<\/p>\n<p>Salvo que el Usuario se oponga, enviando un email a la direcci\u00f3n de correo electr\u00f3nico <a href=\"mailto:borja@ikasiformacion.com\">borja@ikasiformacion.com<\/a>, sus datos podr\u00e1n ser utilizados, en su caso, si procede, para el env\u00edo de informaci\u00f3n comercial de PREVITEK.<\/p>\n<p>Los datos proporcionados se conservar\u00e1n mientras se mantenga la relaci\u00f3n comercial o durante los a\u00f1os necesarios para cumplir las obligaciones legales.<\/p>\n<p>El Usuario es responsable de que la informaci\u00f3n que proporciones a trav\u00e9s de esta p\u00e1gina web sea cierta, respondiendo de la exactitud de todos los datos que comunique y mantendr\u00e1 actualizada la misma para que reflejen una situaci\u00f3n real, siendo responsable de informaciones falsas o inexactas que proporcione y de los da\u00f1os, molestias y problemas que pudieran causar a PREVITEK o a terceros.<\/p>\n<p>Esa informaci\u00f3n ser\u00e1 guarda y gestionada con da debida confidencialidad, aplicando las medidas de seguridad inform\u00e1tica necesarias para impedir el acceso o uso indebido de sus datos, su manipulaci\u00f3n, deterioro o p\u00e9rdida.<\/p>\n<p>No obstante, el Usuario debe tener en cuenta que la seguridad de los sistemas inform\u00e1ticos nunca es absoluta. Cuando se facilitan datos personales por internet, dicha informaci\u00f3n pudiera ser recogida sin su consentimiento y tratada por terceros no autorizados.<\/p>\n<p>PREVITEK declina, cualquier tipo de responsabilidad sobre las consecuencias de esos actos puedan tener para el Usuario, si public\u00f3 la informaci\u00f3n voluntariamente.<\/p>\n<p>Podr\u00e1 acceder y ejercitar esos derechos mediante solicitud por escrito y firmada que podr\u00e1 ser enviada al domicilio P\u00ba Ubarburu n\u00ba 39 Edif. Enertic, Local 1\u00a0 (Pol\u00edgono 27), 20014, San Sebasti\u00e1n, GIPUZKOA, adjuntando fotocopia del DNI o documento equivalente.<\/p>\n<p>Tambi\u00e9n podr\u00e1 ser enviada la solicitud al siguiente correo electr\u00f3nico: <a href=\"mailto:borja@ikasiformacion.com\">borja@ikasiformacion.com<\/a>.<\/p>\n<p>Estos derechos ser\u00e1n atendidos, en el plazo de 1 mes, que podr\u00e1 ampliarse a 2 meses si la complejidad de la solicitud o el n\u00famero de solicitudes recibidas as\u00ed lo exige. Todo ello sin perjuicio del deber de conservar ciertos datos en los t\u00e9rminos legales y hasta que prescriban las posibles responsabilidades derivadas de un posible tratamiento, o, en su caso, de una relaci\u00f3n contractual.<\/p>\n<p>Adem\u00e1s de lo anterior, y en relaci\u00f3n con la normativa de protecci\u00f3n de datos, los usuarios que lo soliciten, tienen la posibilidad de organizar el destino de sus datos despu\u00e9s de su fallecimiento.<\/p>\n<\/div><\/section>\n<\/div><\/div><\/div><!-- close content main div --><\/div><\/div><div id='after_section_2'  class='main_color av_default_container_wrap container_wrap sidebar_right'  ><div class='container av-section-cont-open' ><div class='template-page content  av-content-small alpha units'><div class='post-entry post-entry-type-page post-entry-11529'><div class='entry-content-wrapper clearfix'><\/p>\n","protected":false},"excerpt":{"rendered":"","protected":false},"author":2,"featured_media":0,"parent":0,"menu_order":0,"comment_status":"closed","ping_status":"closed","template":"","meta":{"_price":"","_stock":"","_tribe_ticket_header":"","_tribe_default_ticket_provider":"","_tribe_ticket_capacity":"0","_ticket_start_date":"","_ticket_end_date":"","_tribe_ticket_show_description":"","_tribe_ticket_show_not_going":false,"_tribe_ticket_use_global_stock":"","_tribe_ticket_global_stock_level":"","_global_stock_mode":"","_global_stock_cap":"","_tribe_rsvp_for_event":"","_tribe_ticket_going_count":"","_tribe_ticket_not_going_count":"","_tribe_tickets_list":"[]","_tribe_ticket_has_attendee_info_fields":false,"footnotes":""},"class_list":["post-11529","page","type-page","status-publish","hentry"],"yoast_head":"<!-- This site is optimized with the Yoast SEO plugin v27.3 - https:\/\/yoast.com\/product\/yoast-seo-wordpress\/ -->\n<title>Pribatutasun politika - Ikasi Formacion PRL<\/title>\n<meta name=\"robots\" content=\"index, follow, max-snippet:-1, max-image-preview:large, max-video-preview:-1\" \/>\n<link rel=\"canonical\" href=\"https:\/\/ikasiformacion.com\/eu\/pribatutasun-politika\/\" \/>\n<meta property=\"og:locale\" content=\"eu_ES\" \/>\n<meta property=\"og:type\" content=\"article\" \/>\n<meta property=\"og:title\" content=\"Pribatutasun politika - Ikasi Formacion PRL\" \/>\n<meta property=\"og:url\" content=\"https:\/\/ikasiformacion.com\/eu\/pribatutasun-politika\/\" \/>\n<meta property=\"og:site_name\" content=\"Ikasi Formacion PRL\" \/>\n<meta property=\"article:modified_time\" content=\"2021-01-18T14:23:15+00:00\" \/>\n<meta name=\"twitter:card\" content=\"summary_large_image\" \/>\n<meta name=\"twitter:label1\" content=\"Est. reading time\" \/>\n\t<meta name=\"twitter:data1\" content=\"6 minutes\" \/>\n<script type=\"application\/ld+json\" class=\"yoast-schema-graph\">{\"@context\":\"https:\\\/\\\/schema.org\",\"@graph\":[{\"@type\":\"WebPage\",\"@id\":\"https:\\\/\\\/ikasiformacion.com\\\/eu\\\/pribatutasun-politika\\\/\",\"url\":\"https:\\\/\\\/ikasiformacion.com\\\/eu\\\/pribatutasun-politika\\\/\",\"name\":\"Pribatutasun politika - Ikasi Formacion PRL\",\"isPartOf\":{\"@id\":\"https:\\\/\\\/ikasiformacion.com\\\/#website\"},\"datePublished\":\"2020-12-16T10:36:44+00:00\",\"dateModified\":\"2021-01-18T14:23:15+00:00\",\"breadcrumb\":{\"@id\":\"https:\\\/\\\/ikasiformacion.com\\\/eu\\\/pribatutasun-politika\\\/#breadcrumb\"},\"inLanguage\":\"eu-ES\",\"potentialAction\":[{\"@type\":\"ReadAction\",\"target\":[\"https:\\\/\\\/ikasiformacion.com\\\/eu\\\/pribatutasun-politika\\\/\"]}]},{\"@type\":\"BreadcrumbList\",\"@id\":\"https:\\\/\\\/ikasiformacion.com\\\/eu\\\/pribatutasun-politika\\\/#breadcrumb\",\"itemListElement\":[{\"@type\":\"ListItem\",\"position\":1,\"name\":\"Portada\",\"item\":\"https:\\\/\\\/ikasiformacion.com\\\/eu\\\/\"},{\"@type\":\"ListItem\",\"position\":2,\"name\":\"Pribatutasun politika\"}]},{\"@type\":\"WebSite\",\"@id\":\"https:\\\/\\\/ikasiformacion.com\\\/#website\",\"url\":\"https:\\\/\\\/ikasiformacion.com\\\/\",\"name\":\"Ikasi Formacion PRL\",\"description\":\"Cursos prevencion de riesgos\",\"publisher\":{\"@id\":\"https:\\\/\\\/ikasiformacion.com\\\/#organization\"},\"potentialAction\":[{\"@type\":\"SearchAction\",\"target\":{\"@type\":\"EntryPoint\",\"urlTemplate\":\"https:\\\/\\\/ikasiformacion.com\\\/?s={search_term_string}\"},\"query-input\":{\"@type\":\"PropertyValueSpecification\",\"valueRequired\":true,\"valueName\":\"search_term_string\"}}],\"inLanguage\":\"eu-ES\"},{\"@type\":\"Organization\",\"@id\":\"https:\\\/\\\/ikasiformacion.com\\\/#organization\",\"name\":\"Ikasi Formaci\u00f3n PRL\",\"url\":\"https:\\\/\\\/ikasiformacion.com\\\/\",\"logo\":{\"@type\":\"ImageObject\",\"inLanguage\":\"eu-ES\",\"@id\":\"https:\\\/\\\/ikasiformacion.com\\\/#\\\/schema\\\/logo\\\/image\\\/\",\"url\":\"https:\\\/\\\/ikasiformacion.com\\\/wp-content\\\/uploads\\\/2020\\\/12\\\/ikasi-formacion-logo.png\",\"contentUrl\":\"https:\\\/\\\/ikasiformacion.com\\\/wp-content\\\/uploads\\\/2020\\\/12\\\/ikasi-formacion-logo.png\",\"width\":127,\"height\":70,\"caption\":\"Ikasi Formaci\u00f3n PRL\"},\"image\":{\"@id\":\"https:\\\/\\\/ikasiformacion.com\\\/#\\\/schema\\\/logo\\\/image\\\/\"}}]}<\/script>\n<!-- \/ Yoast SEO plugin. -->","yoast_head_json":{"title":"Pribatutasun politika - Ikasi Formacion PRL","robots":{"index":"index","follow":"follow","max-snippet":"max-snippet:-1","max-image-preview":"max-image-preview:large","max-video-preview":"max-video-preview:-1"},"canonical":"https:\/\/ikasiformacion.com\/eu\/pribatutasun-politika\/","og_locale":"eu_ES","og_type":"article","og_title":"Pribatutasun politika - Ikasi Formacion PRL","og_url":"https:\/\/ikasiformacion.com\/eu\/pribatutasun-politika\/","og_site_name":"Ikasi Formacion PRL","article_modified_time":"2021-01-18T14:23:15+00:00","twitter_card":"summary_large_image","twitter_misc":{"Est. reading time":"6 minutes"},"schema":{"@context":"https:\/\/schema.org","@graph":[{"@type":"WebPage","@id":"https:\/\/ikasiformacion.com\/eu\/pribatutasun-politika\/","url":"https:\/\/ikasiformacion.com\/eu\/pribatutasun-politika\/","name":"Pribatutasun politika - Ikasi Formacion PRL","isPartOf":{"@id":"https:\/\/ikasiformacion.com\/#website"},"datePublished":"2020-12-16T10:36:44+00:00","dateModified":"2021-01-18T14:23:15+00:00","breadcrumb":{"@id":"https:\/\/ikasiformacion.com\/eu\/pribatutasun-politika\/#breadcrumb"},"inLanguage":"eu-ES","potentialAction":[{"@type":"ReadAction","target":["https:\/\/ikasiformacion.com\/eu\/pribatutasun-politika\/"]}]},{"@type":"BreadcrumbList","@id":"https:\/\/ikasiformacion.com\/eu\/pribatutasun-politika\/#breadcrumb","itemListElement":[{"@type":"ListItem","position":1,"name":"Portada","item":"https:\/\/ikasiformacion.com\/eu\/"},{"@type":"ListItem","position":2,"name":"Pribatutasun politika"}]},{"@type":"WebSite","@id":"https:\/\/ikasiformacion.com\/#website","url":"https:\/\/ikasiformacion.com\/","name":"Ikasi Formacion PRL","description":"Cursos prevencion de riesgos","publisher":{"@id":"https:\/\/ikasiformacion.com\/#organization"},"potentialAction":[{"@type":"SearchAction","target":{"@type":"EntryPoint","urlTemplate":"https:\/\/ikasiformacion.com\/?s={search_term_string}"},"query-input":{"@type":"PropertyValueSpecification","valueRequired":true,"valueName":"search_term_string"}}],"inLanguage":"eu-ES"},{"@type":"Organization","@id":"https:\/\/ikasiformacion.com\/#organization","name":"Ikasi Formaci\u00f3n PRL","url":"https:\/\/ikasiformacion.com\/","logo":{"@type":"ImageObject","inLanguage":"eu-ES","@id":"https:\/\/ikasiformacion.com\/#\/schema\/logo\/image\/","url":"https:\/\/ikasiformacion.com\/wp-content\/uploads\/2020\/12\/ikasi-formacion-logo.png","contentUrl":"https:\/\/ikasiformacion.com\/wp-content\/uploads\/2020\/12\/ikasi-formacion-logo.png","width":127,"height":70,"caption":"Ikasi Formaci\u00f3n PRL"},"image":{"@id":"https:\/\/ikasiformacion.com\/#\/schema\/logo\/image\/"}}]}},"_links":{"self":[{"href":"https:\/\/ikasiformacion.com\/eu\/wp-json\/wp\/v2\/pages\/11529","targetHints":{"allow":["GET"]}}],"collection":[{"href":"https:\/\/ikasiformacion.com\/eu\/wp-json\/wp\/v2\/pages"}],"about":[{"href":"https:\/\/ikasiformacion.com\/eu\/wp-json\/wp\/v2\/types\/page"}],"author":[{"embeddable":true,"href":"https:\/\/ikasiformacion.com\/eu\/wp-json\/wp\/v2\/users\/2"}],"replies":[{"embeddable":true,"href":"https:\/\/ikasiformacion.com\/eu\/wp-json\/wp\/v2\/comments?post=11529"}],"version-history":[{"count":2,"href":"https:\/\/ikasiformacion.com\/eu\/wp-json\/wp\/v2\/pages\/11529\/revisions"}],"predecessor-version":[{"id":11533,"href":"https:\/\/ikasiformacion.com\/eu\/wp-json\/wp\/v2\/pages\/11529\/revisions\/11533"}],"wp:attachment":[{"href":"https:\/\/ikasiformacion.com\/eu\/wp-json\/wp\/v2\/media?parent=11529"}],"curies":[{"name":"wp","href":"https:\/\/api.w.org\/{rel}","templated":true}]}}